{"id":723,"date":"2025-05-12T07:13:04","date_gmt":"2025-05-12T07:13:04","guid":{"rendered":"https:\/\/eurocup3.org\/politica-de-privacidad\/"},"modified":"2025-05-13T10:21:48","modified_gmt":"2025-05-13T10:21:48","slug":"politica-de-privacidad","status":"publish","type":"page","link":"https:\/\/eurocup3.org\/es\/politica-de-privacidad\/","title":{"rendered":"Pol\u00edtica de privacidad"},"content":{"rendered":"\n<h1 class=\"wp-block-heading\">Pol\u00edtica de privacidad<\/h1>\n\n<p>Esta pol\u00edtica de privacidad describe c\u00f3mo el sitio web oficial de Eurocup-3 (\u201cnosotros\u201d, \u201cnos\u201d, \u201cnuestro\u201d) recopila, usa, almacena y divulga la informaci\u00f3n recopilada de los usuarios (\u201custed\u201d, \u201csu\u201d) de nuestro sitio web <a href=\"http:\/\/www.eurocup3.org\/\" class=\"\" target=\"_blank\" rel=\"noreferrer noopener\">www.eurocup3.org<\/a>.<\/p>\n\n<p>Nos comprometemos a proteger su privacidad y garantizar que su informaci\u00f3n personal est\u00e9 segura. Solo utilizaremos su informaci\u00f3n personal de acuerdo con esta pol\u00edtica de privacidad.<\/p>\n\n<p>Informaci\u00f3n que recopilamos<\/p>\n\n<p>Podemos recopilar informaci\u00f3n personal suya cuando utilice nuestro sitio web, como su nombre, direcci\u00f3n de correo electr\u00f3nico y otra informaci\u00f3n de contacto. Tambi\u00e9n podemos recopilar informaci\u00f3n sobre su uso de nuestro sitio web, como las p\u00e1ginas que visita y las acciones que realiza.<\/p>\n\n<p>Tambi\u00e9n podemos recopilar informaci\u00f3n de fuentes de terceros, como sitios de redes sociales, para complementar la informaci\u00f3n que recopilamos de usted.<\/p>\n\n<p>C\u00f3mo usamos su informaci\u00f3n<\/p>\n\n<p>Podemos utilizar su informaci\u00f3n personal para brindarle servicios, como responder a sus consultas o brindarle informaci\u00f3n sobre nuestros productos y servicios. Tambi\u00e9n podemos utilizar su informaci\u00f3n para mejorar nuestro sitio web y nuestros servicios, o para comunicarnos con usted con ofertas promocionales u otra informaci\u00f3n que pueda ser de su inter\u00e9s.<\/p>\n\n<p>Tambi\u00e9n podemos utilizar su informaci\u00f3n para fines internos, como an\u00e1lisis de datos, auditor\u00edas e investigaci\u00f3n.<\/p>\n\n<p>Compartiendo su informaci\u00f3n<\/p>\n\n<p>Podemos compartir su informaci\u00f3n personal con terceros con el fin de brindarle servicios o productos, o para otros fines comerciales. Tambi\u00e9n podemos compartir su informaci\u00f3n con terceros para fines de marketing.<\/p>\n\n<p>Tambi\u00e9n podemos compartir su informaci\u00f3n con las autoridades policiales u otras agencias gubernamentales, si as\u00ed lo exige la ley.<\/p>\n\n<p>Seguridad de datos<\/p>\n\n<p>Tomamos medidas razonables para proteger su informaci\u00f3n personal contra acceso, uso o divulgaci\u00f3n no autorizados. Utilizamos tecnolog\u00eda de cifrado est\u00e1ndar de la industria para proteger sus datos.<\/p>\n\n<p>Tus derechos<\/p>\n\n<p>Usted tiene derecho a acceder, actualizar o eliminar su informaci\u00f3n personal. Tambi\u00e9n puede tener derecho a oponerse al procesamiento de su informaci\u00f3n personal o a solicitar que su informaci\u00f3n personal se transfiera a otra parte.<\/p>\n\n<p>Si desea ejercer alguno de estos derechos, cont\u00e1ctenos en <a href=\"mailto:info@eurocup3.org\" class=\"\" target=\"_blank\" rel=\"noreferrer noopener\">info@eurocup3.org<\/a>.<\/p>\n\n<p>Cambios a esta pol\u00edtica<\/p>\n\n<p>Es posible que actualicemos esta pol\u00edtica de privacidad de vez en cuando. Le notificaremos cualquier cambio publicando la pol\u00edtica actualizada en nuestro sitio web.<\/p>\n\n<p>Contacta con nosotros<\/p>\n\n<p>Si tiene alguna pregunta o inquietud sobre esta pol\u00edtica de privacidad<\/p>\n","protected":false},"excerpt":{"rendered":"<p>Pol\u00edtica de privacidad Esta pol\u00edtica de privacidad describe c\u00f3mo el sitio web oficial de Eurocup-3 (\u201cnosotros\u201d, \u201cnos\u201d, \u201cnuestro\u201d) recopila, usa, [&hellip;]<\/p>\n","protected":false},"author":4,"featured_media":0,"parent":0,"menu_order":0,"comment_status":"closed","ping_status":"closed","template":"","meta":{"_acf_changed":false,"r1-race-rules":"","r1cancelledevent":false,"r1completed":false,"r1onreview":false,"first_race":"%5B%5D","r2-race-rules":"","r2cancelledevent":false,"r2completed":false,"r2onreview":false,"second_race":"%5B%5D","r3-race-rules":"","r3cancelledevent":false,"r3completed":false,"r3onreview":false,"third_race":"%5B%5D","show-schedule":false,"show-day-1":false,"schedule1date":"","schedule1":"%5B%5D","show-day-2":false,"schedule2date":"","schedule2":"%5B%5D","show-day-3":false,"schedule3date":"","show-day-4":false,"schedule4date":"","schedule3":"%5B%5D","schedule4":"%5B%5D","q1-race-rules":"","q1cancelledevent":false,"q1completed":false,"q1onreview":false,"qualy1":"%5B%5D","q2-race-rules":"","q2cancelledevent":false,"q2completed":false,"q2onreview":false,"qualy2":"%5B%5D","p2cancelledevent":false,"practice-2":"%5B%5D","p1cancelledevent":false,"practice-1":"%5B%5D","drivers-list":"%5B%5D","teams-list":"%5B%5D","footnotes":""},"class_list":["post-723","page","type-page","status-publish","hentry"],"acf":[],"yoast_head":"<!-- This site is optimized with the Yoast SEO plugin v26.2 - https:\/\/yoast.com\/wordpress\/plugins\/seo\/ -->\n<title>Pol\u00edtica de privacidad - Eurocup-3<\/title>\n<meta name=\"description\" content=\"Descubra c\u00f3mo Eurocup-3 recopila, utiliza y protege su informaci\u00f3n personal. Revise sus derechos y nuestro compromiso de proteger su privacidad.\" \/>\n<meta name=\"robots\" content=\"index, follow, max-snippet:-1, max-image-preview:large, max-video-preview:-1\" \/>\n<link rel=\"canonical\" href=\"https:\/\/eurocup3.org\/es\/politica-de-privacidad\/\" \/>\n<meta property=\"og:locale\" content=\"es_ES\" \/>\n<meta property=\"og:type\" content=\"article\" \/>\n<meta property=\"og:title\" content=\"Pol\u00edtica de privacidad - Eurocup-3\" \/>\n<meta property=\"og:description\" content=\"Descubra c\u00f3mo Eurocup-3 recopila, utiliza y protege su informaci\u00f3n personal. Revise sus derechos y nuestro compromiso de proteger su privacidad.\" \/>\n<meta property=\"og:url\" content=\"https:\/\/eurocup3.org\/es\/politica-de-privacidad\/\" \/>\n<meta property=\"og:site_name\" content=\"Eurocup-3\" \/>\n<meta property=\"article:modified_time\" content=\"2025-05-13T10:21:48+00:00\" \/>\n<meta name=\"twitter:card\" content=\"summary_large_image\" \/>\n<meta name=\"twitter:label1\" content=\"Tiempo de lectura\" \/>\n\t<meta name=\"twitter:data1\" content=\"2 minutos\" \/>\n<script type=\"application\/ld+json\" class=\"yoast-schema-graph\">{\"@context\":\"https:\/\/schema.org\",\"@graph\":[{\"@type\":\"WebPage\",\"@id\":\"https:\/\/eurocup3.org\/es\/politica-de-privacidad\/\",\"url\":\"https:\/\/eurocup3.org\/es\/politica-de-privacidad\/\",\"name\":\"Pol\u00edtica de privacidad - Eurocup-3\",\"isPartOf\":{\"@id\":\"https:\/\/eurocup3.org\/es\/#website\"},\"datePublished\":\"2025-05-12T07:13:04+00:00\",\"dateModified\":\"2025-05-13T10:21:48+00:00\",\"description\":\"Descubra c\u00f3mo Eurocup-3 recopila, utiliza y protege su informaci\u00f3n personal. Revise sus derechos y nuestro compromiso de proteger su privacidad.\",\"breadcrumb\":{\"@id\":\"https:\/\/eurocup3.org\/es\/politica-de-privacidad\/#breadcrumb\"},\"inLanguage\":\"es\",\"potentialAction\":[{\"@type\":\"ReadAction\",\"target\":[\"https:\/\/eurocup3.org\/es\/politica-de-privacidad\/\"]}]},{\"@type\":\"BreadcrumbList\",\"@id\":\"https:\/\/eurocup3.org\/es\/politica-de-privacidad\/#breadcrumb\",\"itemListElement\":[{\"@type\":\"ListItem\",\"position\":1,\"name\":\"Home\",\"item\":\"https:\/\/eurocup3.org\/es\/\"},{\"@type\":\"ListItem\",\"position\":2,\"name\":\"Pol\u00edtica de privacidad\"}]},{\"@type\":\"WebSite\",\"@id\":\"https:\/\/eurocup3.org\/es\/#website\",\"url\":\"https:\/\/eurocup3.org\/es\/\",\"name\":\"Eurocup-3\",\"description\":\"\",\"publisher\":{\"@id\":\"https:\/\/eurocup3.org\/es\/#organization\"},\"potentialAction\":[{\"@type\":\"SearchAction\",\"target\":{\"@type\":\"EntryPoint\",\"urlTemplate\":\"https:\/\/eurocup3.org\/es\/?s={search_term_string}\"},\"query-input\":{\"@type\":\"PropertyValueSpecification\",\"valueRequired\":true,\"valueName\":\"search_term_string\"}}],\"inLanguage\":\"es\"},{\"@type\":\"Organization\",\"@id\":\"https:\/\/eurocup3.org\/es\/#organization\",\"name\":\"Eurocup-3\",\"url\":\"https:\/\/eurocup3.org\/es\/\",\"logo\":{\"@type\":\"ImageObject\",\"inLanguage\":\"es\",\"@id\":\"https:\/\/eurocup3.org\/es\/#\/schema\/logo\/image\/\",\"url\":\"https:\/\/eurocup3.org\/wp-content\/uploads\/sites\/4\/2025\/05\/Isotipo-Eurocup-3-Color-@4x.png\",\"contentUrl\":\"https:\/\/eurocup3.org\/wp-content\/uploads\/sites\/4\/2025\/05\/Isotipo-Eurocup-3-Color-@4x.png\",\"width\":2132,\"height\":195,\"caption\":\"Eurocup-3\"},\"image\":{\"@id\":\"https:\/\/eurocup3.org\/es\/#\/schema\/logo\/image\/\"}}]}<\/script>\n<!-- \/ Yoast SEO plugin. -->","yoast_head_json":{"title":"Pol\u00edtica de privacidad - Eurocup-3","description":"Descubra c\u00f3mo Eurocup-3 recopila, utiliza y protege su informaci\u00f3n personal. Revise sus derechos y nuestro compromiso de proteger su privacidad.","robots":{"index":"index","follow":"follow","max-snippet":"max-snippet:-1","max-image-preview":"max-image-preview:large","max-video-preview":"max-video-preview:-1"},"canonical":"https:\/\/eurocup3.org\/es\/politica-de-privacidad\/","og_locale":"es_ES","og_type":"article","og_title":"Pol\u00edtica de privacidad - Eurocup-3","og_description":"Descubra c\u00f3mo Eurocup-3 recopila, utiliza y protege su informaci\u00f3n personal. Revise sus derechos y nuestro compromiso de proteger su privacidad.","og_url":"https:\/\/eurocup3.org\/es\/politica-de-privacidad\/","og_site_name":"Eurocup-3","article_modified_time":"2025-05-13T10:21:48+00:00","twitter_card":"summary_large_image","twitter_misc":{"Tiempo de lectura":"2 minutos"},"schema":{"@context":"https:\/\/schema.org","@graph":[{"@type":"WebPage","@id":"https:\/\/eurocup3.org\/es\/politica-de-privacidad\/","url":"https:\/\/eurocup3.org\/es\/politica-de-privacidad\/","name":"Pol\u00edtica de privacidad - Eurocup-3","isPartOf":{"@id":"https:\/\/eurocup3.org\/es\/#website"},"datePublished":"2025-05-12T07:13:04+00:00","dateModified":"2025-05-13T10:21:48+00:00","description":"Descubra c\u00f3mo Eurocup-3 recopila, utiliza y protege su informaci\u00f3n personal. Revise sus derechos y nuestro compromiso de proteger su privacidad.","breadcrumb":{"@id":"https:\/\/eurocup3.org\/es\/politica-de-privacidad\/#breadcrumb"},"inLanguage":"es","potentialAction":[{"@type":"ReadAction","target":["https:\/\/eurocup3.org\/es\/politica-de-privacidad\/"]}]},{"@type":"BreadcrumbList","@id":"https:\/\/eurocup3.org\/es\/politica-de-privacidad\/#breadcrumb","itemListElement":[{"@type":"ListItem","position":1,"name":"Home","item":"https:\/\/eurocup3.org\/es\/"},{"@type":"ListItem","position":2,"name":"Pol\u00edtica de privacidad"}]},{"@type":"WebSite","@id":"https:\/\/eurocup3.org\/es\/#website","url":"https:\/\/eurocup3.org\/es\/","name":"Eurocup-3","description":"","publisher":{"@id":"https:\/\/eurocup3.org\/es\/#organization"},"potentialAction":[{"@type":"SearchAction","target":{"@type":"EntryPoint","urlTemplate":"https:\/\/eurocup3.org\/es\/?s={search_term_string}"},"query-input":{"@type":"PropertyValueSpecification","valueRequired":true,"valueName":"search_term_string"}}],"inLanguage":"es"},{"@type":"Organization","@id":"https:\/\/eurocup3.org\/es\/#organization","name":"Eurocup-3","url":"https:\/\/eurocup3.org\/es\/","logo":{"@type":"ImageObject","inLanguage":"es","@id":"https:\/\/eurocup3.org\/es\/#\/schema\/logo\/image\/","url":"https:\/\/eurocup3.org\/wp-content\/uploads\/sites\/4\/2025\/05\/Isotipo-Eurocup-3-Color-@4x.png","contentUrl":"https:\/\/eurocup3.org\/wp-content\/uploads\/sites\/4\/2025\/05\/Isotipo-Eurocup-3-Color-@4x.png","width":2132,"height":195,"caption":"Eurocup-3"},"image":{"@id":"https:\/\/eurocup3.org\/es\/#\/schema\/logo\/image\/"}}]}},"_links":{"self":[{"href":"https:\/\/eurocup3.org\/es\/wp-json\/wp\/v2\/pages\/723","targetHints":{"allow":["GET"]}}],"collection":[{"href":"https:\/\/eurocup3.org\/es\/wp-json\/wp\/v2\/pages"}],"about":[{"href":"https:\/\/eurocup3.org\/es\/wp-json\/wp\/v2\/types\/page"}],"author":[{"embeddable":true,"href":"https:\/\/eurocup3.org\/es\/wp-json\/wp\/v2\/users\/4"}],"replies":[{"embeddable":true,"href":"https:\/\/eurocup3.org\/es\/wp-json\/wp\/v2\/comments?post=723"}],"version-history":[{"count":1,"href":"https:\/\/eurocup3.org\/es\/wp-json\/wp\/v2\/pages\/723\/revisions"}],"predecessor-version":[{"id":724,"href":"https:\/\/eurocup3.org\/es\/wp-json\/wp\/v2\/pages\/723\/revisions\/724"}],"wp:attachment":[{"href":"https:\/\/eurocup3.org\/es\/wp-json\/wp\/v2\/media?parent=723"}],"curies":[{"name":"wp","href":"https:\/\/api.w.org\/{rel}","templated":true}]}}